{"id":1547,"date":"2022-10-17T14:54:57","date_gmt":"2022-10-17T17:54:57","guid":{"rendered":"https:\/\/rudolph.com.br\/?page_id=1547"},"modified":"2022-10-17T14:54:57","modified_gmt":"2022-10-17T17:54:57","slug":"is-evidencia-obchodnych-partnerov","status":"publish","type":"page","link":"https:\/\/rudolph.com.br\/en\/is-evidencia-obchodnych-partnerov\/","title":{"rendered":"IS evidencia obchodn\u00fdch partnerov"},"content":{"rendered":"<p><strong>Inform\u00e1cia o\u00a0sprac\u00favan\u00ed osobn\u00fdch \u00fadajov<\/strong><\/p>\n<p><strong>Pre informa\u010dn\u00fd syst\u00e9m: IS evidencia obchodn\u00fdch partnerov<\/strong><\/p>\n<p><strong>Inform\u00e1cia o\u00a0sprac\u00favan\u00ed osobn\u00fdch \u00fadajov dotknut\u00fdch os\u00f4b pod\u013ea \u00a719 a\u00a0\u00a720 Z\u00e1kona \u010d.18\/2018Z.z. o\u00a0ochrane osobn\u00fdch \u00fadajov a\u00a0o\u00a0zmene a\u00a0doplnen\u00ed niektor\u00fdch z\u00e1konov (\u010falej len \u201ez\u00e1kon\u201c) a\u00a0\u010dl. 13 a 14 Nariadenia Eur\u00f3pskeho parlamentu a\u00a0rady (EU) 2016\/679 o\u00a0ochrane fyzick\u00fdch os\u00f4b pri sprac\u00favan\u00ed osobn\u00fdch \u00fadajov a\u00a0o\u00a0vo\u013enom pohybe tak\u00fdchto \u00fadajov (\u010falej len \u201enariadenie\u201c)<\/strong><\/p>\n<p>Cie\u013eom tejto inform\u00e1cie je poskytn\u00fa\u0165 V\u00e1m inform\u00e1cie o\u00a0tom, ak\u00e9 osobn\u00e9 \u00fadaje sprac\u00favame, ako s\u00a0nimi zaobch\u00e1dzame, na ak\u00e9 \u00fa\u010dely ich pou\u017e\u00edvame, komu ich m\u00f4\u017eeme poskytn\u00fa\u0165, kde m\u00f4\u017eete z\u00edska\u0165 inform\u00e1cie o\u00a0Va\u0161ich osobn\u00fdch \u00fadajoch a\u00a0uplatni\u0165 Va\u0161e pr\u00e1va pri sprac\u00favan\u00ed osobn\u00fdch \u00fadajov.<\/p>\n<ol>\n<li><strong>Identifika\u010dn\u00e9 a\u00a0kontaktn\u00e9 \u00fadaje:<\/strong><\/li>\n<\/ol>\n<p>Prev\u00e1dzkovate\u013eom sprac\u00favaj\u00facim Va\u0161e osobn\u00e9 \u00fadaje je spolo\u010dnos\u0165 RUDOLPH USINADOS SK s.r.o., Radlinsk\u00e9ho 17\/B, 052 01 Spi\u0161sk\u00e1 Nov\u00e1 Ves, I\u010cO: 36\u00a0582\u00a0514, 053\/42 994 93.<\/p>\n<p>&nbsp;<\/p>\n<ol start=\"2\">\n<li><strong>Kontaktn\u00e9 \u00fadaje zodpovednej osoby pre doh\u013ead nad sprac\u00favan\u00edm osobn\u00fdch \u00fadajov:<\/strong><\/li>\n<\/ol>\n<p><strong>\u00a0<\/strong><\/p>\n<p><a href=\"mailto:dpo8@proenergy.sk\">dpo8@proenergy.sk<\/a><\/p>\n<p>&nbsp;<\/p>\n<ol start=\"3\">\n<li><strong>Identifik\u00e1cia sprac\u00favan\u00fdch osobn\u00fdch \u00fadajov dotknut\u00fdch os\u00f4b<\/strong><\/li>\n<\/ol>\n<p><strong>Osobn\u00e9 \u00fadaje <\/strong>extern\u00fdch partnerov <strong>v\u00a0rozsahu <\/strong>titul, meno, priezvisko, pracovn\u00e9 zaradenie, slu\u017eobn\u00e9 zaradenie, funk\u010dn\u00e9 zaradenie, osobn\u00e9 \u010d\u00edslo zamestnanca alebo zamestnaneck\u00e9 \u010d\u00edslo zamestnanca, odborn\u00fd \u00fatvar, miesto v\u00fdkonu pr\u00e1ce, telef\u00f3nne \u010d\u00edslo, faxov\u00e9 \u010d\u00edslo, adresa elektronickej po\u0161ty na pracovisko a identifika\u010dn\u00e9 \u00fadaje zamestn\u00e1vate\u013ea.<\/p>\n<p><strong>\u00a0<\/strong><\/p>\n<ol start=\"4\">\n<li><strong>Identifik\u00e1cia zdroja, z\u00a0ktor\u00e9ho boli osobn\u00e9 \u00fadaje z\u00edskan\u00e9<\/strong><\/li>\n<\/ol>\n<p>Priamo od dotknutej osoby (osobne, emailom, telefonicky, cez web str\u00e1nku prev\u00e1dzkovate\u013ea)<\/p>\n<p>&nbsp;<\/p>\n<ol start=\"5\">\n<li><strong>\u00da\u010del sprac\u00favania osobn\u00fdch \u00fadajov a\u00a0pr\u00e1vny z\u00e1klad sprac\u00favania<\/strong><\/li>\n<\/ol>\n<p>Prev\u00e1dzkovate\u013e sprac\u00fava osobn\u00e9 \u00fadaje za \u00fa\u010delom vedenia evidencie obchodn\u00fdch partnerov resp. dod\u00e1vate\u013eov<\/p>\n<ul>\n<li>Osobn\u00e9 \u00fadaje sa sprac\u00favaj\u00fa na z\u00e1klade \u00a7 13 ods. 1 p\u00edsm. f) Z\u00e1kona a\u00a0\u010dl. 6 ods. 1 p\u00edsm. f) nariadenia, ak je dotknut\u00e1 osoba zamestnanec obchodn\u00e9ho partnera \/ klienta prev\u00e1dzkovate\u013ea.<\/li>\n<li>Osobn\u00e9 \u00fadaje sa sprac\u00favaj\u00fa na z\u00e1klade \u00a7 13 ods. 1 p\u00edsm. b) Z\u00e1kona a\u00a0\u010dl. 6 ods. 1 p\u00edsm. b) nariadenia, ak je dotknut\u00e1 osoba \u0161tatut\u00e1rny org\u00e1n alebo osoba konaj\u00faca v\u00a0mene obchodn\u00e9ho partnera \/ klienta prev\u00e1dzkovate\u013ea.<\/li>\n<\/ul>\n<p><strong>Opr\u00e1vnen\u00e9 z\u00e1ujmy prev\u00e1dzkovate\u013ea, alebo tretej strany<\/strong><\/p>\n<p>Sprac\u00favanie osobn\u00fdch \u00fadajov za \u00fa\u010delom opr\u00e1vnen\u00fdch z\u00e1ujmov prev\u00e1dzkovate\u013ea, alebo tretej strany: Evidencia extern\u00fdch partnerov z\u00a0d\u00f4vodu plnenia zmluvn\u00fdch vz\u0165ahov.<\/p>\n<p>&nbsp;<\/p>\n<ol start=\"6\">\n<li><strong>Identifik\u00e1cia pr\u00edjemcov, kateg\u00f3rie pr\u00edjemcov<\/strong><\/li>\n<\/ol>\n<p>Prev\u00e1dzkovate\u013e m\u00f4\u017ee poskytn\u00fa\u0165 osobn\u00e9 \u00fadaje:<\/p>\n<p>Sprostredkovate\u013eom, ktor\u00ed sa zmluvne zaviazali prija\u0165 primeran\u00e9 z\u00e1ruky zachovania ochrany sprac\u00favan\u00fdch osobn\u00fdch \u00fadajov, nasledovne:<\/p>\n<ol>\n<li>Pre \u00fa\u010del evidencie obchodn\u00fdch partnerov \u2013 obchodn\u00fd z\u00e1stupca R\u00f3bert Miku\u0161, Vetern\u00e1 299\/5, 972 17 Kanianka, I\u010cO: 46\u00a0856\u00a0498,<\/li>\n<\/ol>\n<p>&nbsp;<\/p>\n<p>Opr\u00e1vnen\u00fdm subjektom (in\u0161tit\u00faci\u00e1m\/organiz\u00e1ci\u00e1m) pod\u013ea osobitn\u00e9ho pr\u00e1vneho predpisu (napr. org\u00e1ny \u010dinn\u00e9 v\u00a0trestnom konan\u00ed, a\u00a0pod.)<\/p>\n<p>&nbsp;<\/p>\n<ol start=\"7\">\n<li><strong>Prenos osobn\u00fdch \u00fadajov do tretej krajiny \/ medzin\u00e1rodnej organiz\u00e1cii<\/strong><\/li>\n<\/ol>\n<p>Prev\u00e1dzkovate\u013e pren\u00e1\u0161a osobn\u00e9 \u00fadaje do Braz\u00edlie \u00fastredn\u00e9mu podniku, s\u00a0ktor\u00fdm je prepojen\u00fd prev\u00e1dzkovate\u013e v\u00a0r\u00e1mci skupiny podnikov RUDOLPH USINADOS S.A., Stadtteil Padre Martinho Stein, PLZ 89120-00, Timb\u00f3 \u2013 Santa Catarina, ktor\u00e1 zabezpe\u010duje primeran\u00e9 z\u00e1ruky ochrany osobn\u00fdch \u00fadajov. Z\u00e1ruky s\u00fa prijat\u00e9 formou \u0161tandardn\u00fdch zmluvn\u00fdch dolo\u017eiek.<\/p>\n<p>&nbsp;<\/p>\n<ol start=\"8\">\n<li><strong>Doba uchov\u00e1vania osobn\u00fdch \u00fadajov<\/strong><\/li>\n<\/ol>\n<p>Prev\u00e1dzkovate\u013e sprac\u00fava osobn\u00e9 \u00fadaje po dobu nevyhnutn\u00fa na splnenie \u00fa\u010delu, najviac v\u0161ak po dobu 1 roka od ukon\u010denia spolupr\u00e1ce.<\/p>\n<p>&nbsp;<\/p>\n<ol start=\"9\">\n<li><strong>Pr\u00e1va dotknutej osoby<\/strong><\/li>\n<\/ol>\n<p>Dotknut\u00e1 osoba m\u00e1 pr\u00e1vo po\u017eadova\u0165 od prev\u00e1dzkovate\u013ea pr\u00edstup k\u00a0osobn\u00fdm \u00fadajom, ktor\u00e9 s\u00fa o\u00a0nej sprac\u00favan\u00e9, pr\u00e1vo na opravu osobn\u00fdch \u00fadajov, pr\u00e1vo na vymazanie, alebo obmedzenie sprac\u00favania osobn\u00fdch \u00fadajov, pr\u00e1vo namieta\u0165 vo\u010di sprac\u00favaniu osobn\u00fdch \u00fadajov, pr\u00e1vo na ne\u00fa\u010dinnos\u0165 automatizovan\u00e9ho individu\u00e1lneho rozhodovania vr\u00e1tane profilovania, pr\u00e1vo na prenosnos\u0165 osobn\u00fdch \u00fadajov, ako aj pr\u00e1vo poda\u0165 n\u00e1vrh na za\u010datie konania dozorn\u00e9mu org\u00e1nu. V\u00a0pr\u00edpade ak prev\u00e1dzkovate\u013e sprac\u00fava osobn\u00e9 \u00fadaje na z\u00e1klade s\u00fahlasu dotknutej osoby, dotknut\u00e1 osoba m\u00e1 pr\u00e1vo kedyko\u013evek svoj s\u00fahlas so sprac\u00favan\u00edm osobn\u00fdch \u00fadajov odvola\u0165. Odvolanie s\u00fahlasu nem\u00e1 vplyv na z\u00e1konnos\u0165 sprac\u00favania osobn\u00fdch \u00fadajov zalo\u017een\u00e9ho na s\u00fahlase pred jeho odvolan\u00edm. Dotknut\u00e1 osoba m\u00f4\u017ee uplatni\u0165 svoje pr\u00e1va zaslan\u00edm emailu na adresu: <a href=\"mailto:mariana@rudolph.com.br\">mariana@rudolph.com.br<\/a>, alebo p\u00edsomne na adresu prev\u00e1dzkovate\u013ea.<\/p>\n<p><strong>\u00a0<\/strong><\/p>\n<ul>\n<li><strong>Povinnos\u0165 poskytnutia osobn\u00fdch \u00fadajov<\/strong><\/li>\n<\/ul>\n<p>Poskytnutie osobn\u00fdch \u00fadajov nie je z\u00e1konnou po\u017eiadavkou, spracovanie osobn\u00fdch \u00fadajov nie je povinn\u00e9. Dotknut\u00e1 osoba m\u00e1 povinnos\u0165 poskytn\u00fa\u0165 pravdiv\u00e9 osobn\u00e9 \u00fadaje, v\u00a0pr\u00edpade ich neposkytnutia poru\u0161uje z\u00e1kon.<\/p>\n<p><strong>\u00a0<\/strong><\/p>\n<ul>\n<li><strong>Profilovanie<\/strong><\/li>\n<\/ul>\n<p>Prev\u00e1dzkovate\u013e nesprac\u00fava osobn\u00e9 \u00fadaje profilovan\u00edm, ani obdobn\u00fdm sp\u00f4sobom zalo\u017eenom na automatizovanom individu\u00e1lnom rozhodovan\u00ed.<\/p>\n<p>&nbsp;<\/p>\n","protected":false},"excerpt":{"rendered":"<p>Inform\u00e1cia o\u00a0sprac\u00favan\u00ed osobn\u00fdch \u00fadajov Pre informa\u010dn\u00fd syst\u00e9m: IS evidencia obchodn\u00fdch partnerov Inform\u00e1cia o\u00a0sprac\u00favan\u00ed osobn\u00fdch \u00fadajov dotknut\u00fdch os\u00f4b pod\u013ea \u00a719 a\u00a0\u00a720 Z\u00e1kona \u010d.18\/2018Z.z. o\u00a0ochrane osobn\u00fdch \u00fadajov a\u00a0o\u00a0zmene a\u00a0doplnen\u00ed niektor\u00fdch z\u00e1konov (\u010falej len \u201ez\u00e1kon\u201c) a\u00a0\u010dl. 13 a 14 Nariadenia Eur\u00f3pskeho parlamentu a\u00a0rady (EU) 2016\/679 o\u00a0ochrane fyzick\u00fdch os\u00f4b pri sprac\u00favan\u00ed osobn\u00fdch \u00fadajov a\u00a0o\u00a0vo\u013enom pohybe tak\u00fdchto \u00fadajov (\u010falej len [&hellip;]<\/p>\n","protected":false},"author":9,"featured_media":993,"parent":0,"menu_order":19,"comment_status":"closed","ping_status":"open","template":"","meta":{"_acf_changed":false,"footnotes":""},"class_list":["post-1547","page","type-page","status-publish","has-post-thumbnail","hentry"],"acf":[],"yoast_head":"<!-- This site is optimized with the Yoast SEO plugin v27.1.1 - https:\/\/yoast.com\/product\/yoast-seo-wordpress\/ -->\n<title>IS evidencia obchodn\u00fdch partnerov - Rudolph<\/title>\n<meta name=\"robots\" content=\"index, follow, max-snippet:-1, max-image-preview:large, max-video-preview:-1\" \/>\n<link rel=\"canonical\" href=\"https:\/\/rudolph.com.br\/en\/is-evidencia-obchodnych-partnerov\/\" \/>\n<meta property=\"og:locale\" content=\"en_US\" \/>\n<meta property=\"og:type\" content=\"article\" \/>\n<meta property=\"og:title\" content=\"IS evidencia obchodn\u00fdch partnerov - Rudolph\" \/>\n<meta property=\"og:description\" content=\"Inform\u00e1cia o\u00a0sprac\u00favan\u00ed osobn\u00fdch \u00fadajov Pre informa\u010dn\u00fd syst\u00e9m: IS evidencia obchodn\u00fdch partnerov Inform\u00e1cia o\u00a0sprac\u00favan\u00ed osobn\u00fdch \u00fadajov dotknut\u00fdch os\u00f4b pod\u013ea \u00a719 a\u00a0\u00a720 Z\u00e1kona \u010d.18\/2018Z.z. o\u00a0ochrane osobn\u00fdch \u00fadajov a\u00a0o\u00a0zmene a\u00a0doplnen\u00ed niektor\u00fdch z\u00e1konov (\u010falej len \u201ez\u00e1kon\u201c) a\u00a0\u010dl. 13 a 14 Nariadenia Eur\u00f3pskeho parlamentu a\u00a0rady (EU) 2016\/679 o\u00a0ochrane fyzick\u00fdch os\u00f4b pri sprac\u00favan\u00ed osobn\u00fdch \u00fadajov a\u00a0o\u00a0vo\u013enom pohybe tak\u00fdchto \u00fadajov (\u010falej len [&hellip;]\" \/>\n<meta property=\"og:url\" content=\"https:\/\/rudolph.com.br\/en\/is-evidencia-obchodnych-partnerov\/\" \/>\n<meta property=\"og:site_name\" content=\"Rudolph\" \/>\n<meta property=\"og:image\" content=\"https:\/\/rudolph.com.br\/wp-content\/uploads\/2022\/03\/img-atalho-2.jpg\" \/>\n\t<meta property=\"og:image:width\" content=\"506\" \/>\n\t<meta property=\"og:image:height\" content=\"375\" \/>\n\t<meta property=\"og:image:type\" content=\"image\/jpeg\" \/>\n<meta name=\"twitter:card\" content=\"summary_large_image\" \/>\n<meta name=\"twitter:label1\" content=\"Est. reading time\" \/>\n\t<meta name=\"twitter:data1\" content=\"4 minutes\" \/>\n<script type=\"application\/ld+json\" class=\"yoast-schema-graph\">{\"@context\":\"https:\/\/schema.org\",\"@graph\":[{\"@type\":\"WebPage\",\"@id\":\"https:\/\/rudolph.com.br\/en\/is-evidencia-obchodnych-partnerov\/\",\"url\":\"https:\/\/rudolph.com.br\/en\/is-evidencia-obchodnych-partnerov\/\",\"name\":\"IS evidencia obchodn\u00fdch partnerov - Rudolph\",\"isPartOf\":{\"@id\":\"https:\/\/rudolph.com.br\/en\/#website\"},\"primaryImageOfPage\":{\"@id\":\"https:\/\/rudolph.com.br\/en\/is-evidencia-obchodnych-partnerov\/#primaryimage\"},\"image\":{\"@id\":\"https:\/\/rudolph.com.br\/en\/is-evidencia-obchodnych-partnerov\/#primaryimage\"},\"thumbnailUrl\":\"https:\/\/rudolph.com.br\/wp-content\/uploads\/2022\/03\/img-atalho-2.jpg\",\"datePublished\":\"2022-10-17T17:54:57+00:00\",\"breadcrumb\":{\"@id\":\"https:\/\/rudolph.com.br\/en\/is-evidencia-obchodnych-partnerov\/#breadcrumb\"},\"inLanguage\":\"en-US\",\"potentialAction\":[{\"@type\":\"ReadAction\",\"target\":[\"https:\/\/rudolph.com.br\/en\/is-evidencia-obchodnych-partnerov\/\"]}]},{\"@type\":\"ImageObject\",\"inLanguage\":\"en-US\",\"@id\":\"https:\/\/rudolph.com.br\/en\/is-evidencia-obchodnych-partnerov\/#primaryimage\",\"url\":\"https:\/\/rudolph.com.br\/wp-content\/uploads\/2022\/03\/img-atalho-2.jpg\",\"contentUrl\":\"https:\/\/rudolph.com.br\/wp-content\/uploads\/2022\/03\/img-atalho-2.jpg\",\"width\":506,\"height\":375},{\"@type\":\"BreadcrumbList\",\"@id\":\"https:\/\/rudolph.com.br\/en\/is-evidencia-obchodnych-partnerov\/#breadcrumb\",\"itemListElement\":[{\"@type\":\"ListItem\",\"position\":1,\"name\":\"Home\",\"item\":\"https:\/\/rudolph.com.br\/en\/\"},{\"@type\":\"ListItem\",\"position\":2,\"name\":\"IS evidencia obchodn\u00fdch partnerov\"}]},{\"@type\":\"WebSite\",\"@id\":\"https:\/\/rudolph.com.br\/en\/#website\",\"url\":\"https:\/\/rudolph.com.br\/en\/\",\"name\":\"Rudolph\",\"description\":\"Excel\u00eancia no fornecimento de sistemas mec\u00e2nicos.\",\"potentialAction\":[{\"@type\":\"SearchAction\",\"target\":{\"@type\":\"EntryPoint\",\"urlTemplate\":\"https:\/\/rudolph.com.br\/en\/?s={search_term_string}\"},\"query-input\":{\"@type\":\"PropertyValueSpecification\",\"valueRequired\":true,\"valueName\":\"search_term_string\"}}],\"inLanguage\":\"en-US\"}]}<\/script>\n<!-- \/ Yoast SEO plugin. -->","yoast_head_json":{"title":"IS evidencia obchodn\u00fdch partnerov - Rudolph","robots":{"index":"index","follow":"follow","max-snippet":"max-snippet:-1","max-image-preview":"max-image-preview:large","max-video-preview":"max-video-preview:-1"},"canonical":"https:\/\/rudolph.com.br\/en\/is-evidencia-obchodnych-partnerov\/","og_locale":"en_US","og_type":"article","og_title":"IS evidencia obchodn\u00fdch partnerov - Rudolph","og_description":"Inform\u00e1cia o\u00a0sprac\u00favan\u00ed osobn\u00fdch \u00fadajov Pre informa\u010dn\u00fd syst\u00e9m: IS evidencia obchodn\u00fdch partnerov Inform\u00e1cia o\u00a0sprac\u00favan\u00ed osobn\u00fdch \u00fadajov dotknut\u00fdch os\u00f4b pod\u013ea \u00a719 a\u00a0\u00a720 Z\u00e1kona \u010d.18\/2018Z.z. o\u00a0ochrane osobn\u00fdch \u00fadajov a\u00a0o\u00a0zmene a\u00a0doplnen\u00ed niektor\u00fdch z\u00e1konov (\u010falej len \u201ez\u00e1kon\u201c) a\u00a0\u010dl. 13 a 14 Nariadenia Eur\u00f3pskeho parlamentu a\u00a0rady (EU) 2016\/679 o\u00a0ochrane fyzick\u00fdch os\u00f4b pri sprac\u00favan\u00ed osobn\u00fdch \u00fadajov a\u00a0o\u00a0vo\u013enom pohybe tak\u00fdchto \u00fadajov (\u010falej len [&hellip;]","og_url":"https:\/\/rudolph.com.br\/en\/is-evidencia-obchodnych-partnerov\/","og_site_name":"Rudolph","og_image":[{"width":506,"height":375,"url":"https:\/\/rudolph.com.br\/wp-content\/uploads\/2022\/03\/img-atalho-2.jpg","type":"image\/jpeg"}],"twitter_card":"summary_large_image","twitter_misc":{"Est. reading time":"4 minutes"},"schema":{"@context":"https:\/\/schema.org","@graph":[{"@type":"WebPage","@id":"https:\/\/rudolph.com.br\/en\/is-evidencia-obchodnych-partnerov\/","url":"https:\/\/rudolph.com.br\/en\/is-evidencia-obchodnych-partnerov\/","name":"IS evidencia obchodn\u00fdch partnerov - Rudolph","isPartOf":{"@id":"https:\/\/rudolph.com.br\/en\/#website"},"primaryImageOfPage":{"@id":"https:\/\/rudolph.com.br\/en\/is-evidencia-obchodnych-partnerov\/#primaryimage"},"image":{"@id":"https:\/\/rudolph.com.br\/en\/is-evidencia-obchodnych-partnerov\/#primaryimage"},"thumbnailUrl":"https:\/\/rudolph.com.br\/wp-content\/uploads\/2022\/03\/img-atalho-2.jpg","datePublished":"2022-10-17T17:54:57+00:00","breadcrumb":{"@id":"https:\/\/rudolph.com.br\/en\/is-evidencia-obchodnych-partnerov\/#breadcrumb"},"inLanguage":"en-US","potentialAction":[{"@type":"ReadAction","target":["https:\/\/rudolph.com.br\/en\/is-evidencia-obchodnych-partnerov\/"]}]},{"@type":"ImageObject","inLanguage":"en-US","@id":"https:\/\/rudolph.com.br\/en\/is-evidencia-obchodnych-partnerov\/#primaryimage","url":"https:\/\/rudolph.com.br\/wp-content\/uploads\/2022\/03\/img-atalho-2.jpg","contentUrl":"https:\/\/rudolph.com.br\/wp-content\/uploads\/2022\/03\/img-atalho-2.jpg","width":506,"height":375},{"@type":"BreadcrumbList","@id":"https:\/\/rudolph.com.br\/en\/is-evidencia-obchodnych-partnerov\/#breadcrumb","itemListElement":[{"@type":"ListItem","position":1,"name":"Home","item":"https:\/\/rudolph.com.br\/en\/"},{"@type":"ListItem","position":2,"name":"IS evidencia obchodn\u00fdch partnerov"}]},{"@type":"WebSite","@id":"https:\/\/rudolph.com.br\/en\/#website","url":"https:\/\/rudolph.com.br\/en\/","name":"Rudolph","description":"Excel\u00eancia no fornecimento de sistemas mec\u00e2nicos.","potentialAction":[{"@type":"SearchAction","target":{"@type":"EntryPoint","urlTemplate":"https:\/\/rudolph.com.br\/en\/?s={search_term_string}"},"query-input":{"@type":"PropertyValueSpecification","valueRequired":true,"valueName":"search_term_string"}}],"inLanguage":"en-US"}]}},"_links":{"self":[{"href":"https:\/\/rudolph.com.br\/en\/wp-json\/wp\/v2\/pages\/1547","targetHints":{"allow":["GET"]}}],"collection":[{"href":"https:\/\/rudolph.com.br\/en\/wp-json\/wp\/v2\/pages"}],"about":[{"href":"https:\/\/rudolph.com.br\/en\/wp-json\/wp\/v2\/types\/page"}],"author":[{"embeddable":true,"href":"https:\/\/rudolph.com.br\/en\/wp-json\/wp\/v2\/users\/9"}],"replies":[{"embeddable":true,"href":"https:\/\/rudolph.com.br\/en\/wp-json\/wp\/v2\/comments?post=1547"}],"version-history":[{"count":1,"href":"https:\/\/rudolph.com.br\/en\/wp-json\/wp\/v2\/pages\/1547\/revisions"}],"predecessor-version":[{"id":1548,"href":"https:\/\/rudolph.com.br\/en\/wp-json\/wp\/v2\/pages\/1547\/revisions\/1548"}],"wp:featuredmedia":[{"embeddable":true,"href":"https:\/\/rudolph.com.br\/en\/wp-json\/wp\/v2\/media\/993"}],"wp:attachment":[{"href":"https:\/\/rudolph.com.br\/en\/wp-json\/wp\/v2\/media?parent=1547"}],"curies":[{"name":"wp","href":"https:\/\/api.w.org\/{rel}","templated":true}]}}