{"id":1549,"date":"2022-11-03T10:48:57","date_gmt":"2022-11-03T13:48:57","guid":{"rendered":"https:\/\/rudolph.com.br\/?page_id=1549"},"modified":"2023-11-08T10:25:07","modified_gmt":"2023-11-08T13:25:07","slug":"data-security-europe","status":"publish","type":"page","link":"https:\/\/rudolph.com.br\/en\/data-security-europe\/","title":{"rendered":"Data Security Europe"},"content":{"rendered":"\r\n<h1 class=\"wp-block-heading\">Data Security Europe\u200b<\/h1>\r\n<p id=\"tw-target-text\" dir=\"ltr\" data-placeholder=\"Tradu\u00e7\u00e3o\"><span lang=\"en\">Click on the links below to access each specific page of the Data Security Europe:<\/span><\/p>\r\n<p dir=\"ltr\" data-placeholder=\"Tradu\u00e7\u00e3o\"><a href=\"https:\/\/rudolph.com.br\/wp-content\/uploads\/2023\/11\/Prehlad-o-spracuvani-osobnych-udajov-obchodnych-partnerov.pdf\" target=\"_blank\" rel=\"noopener\">Preh\u013ead o sprac\u00favan\u00ed osobn\u00fdch \u00fadajov obchodn\u00fdch partnerov<\/a><\/p>\r\n<p dir=\"ltr\" data-placeholder=\"Tradu\u00e7\u00e3o\"><a href=\"https:\/\/rudolph.com.br\/wp-content\/uploads\/2023\/11\/Prehlad-o-spracuvani-osobnych-udajov-klientov.pdf\" target=\"_blank\" rel=\"noopener\">Preh\u013ead o sprac\u00favan\u00ed osobn\u00fdch \u00fadajov klientov<\/a><\/p>\r\n<p dir=\"ltr\" data-placeholder=\"Tradu\u00e7\u00e3o\"><a href=\"https:\/\/rudolph.com.br\/wp-content\/uploads\/2023\/11\/Informacia-o-spracuvani-osobnych-udajov-uchadzacov-o-zamestnanie.pdf\" target=\"_blank\" rel=\"noopener\">Inform\u00e1cia o sprac\u00favan\u00ed osobn\u00fdch \u00fadajov uch\u00e1dza\u010dov o zamestnanie<\/a><\/p>\r\n<p dir=\"ltr\" data-placeholder=\"Tradu\u00e7\u00e3o\"><a href=\"https:\/\/rudolph.com.br\/wp-content\/uploads\/2023\/11\/Informacia-o-spracuvani-osobnych-udajov-obchodnych-partnerov.pdf\" target=\"_blank\" rel=\"noopener\">Inform\u00e1cia o sprac\u00favan\u00ed osobn\u00fdch \u00fadajov obchodn\u00fdch partnerov<\/a><\/p>\r\n<p dir=\"ltr\" data-placeholder=\"Tradu\u00e7\u00e3o\"><a href=\"https:\/\/rudolph.com.br\/wp-content\/uploads\/2023\/11\/Informacia-o-spracuvani-osobnych-udajov-klientov.pdf\">Inform\u00e1cia o sprac\u00favan\u00ed osobn\u00fdch \u00fadajov klientov<\/a><\/p>\r\n<p dir=\"ltr\" data-placeholder=\"Tradu\u00e7\u00e3o\"><a href=\"https:\/\/rudolph.com.br\/wp-content\/uploads\/2023\/11\/Vseobecna-informacia-o-spracuvani-osobnych-udajov-pre-verejnost.pdf\">V\u0161eobecn\u00e1 inform\u00e1cia o sprac\u00favan\u00ed osobn\u00fdch \u00fadajov pre verejnos\u0165<\/a><\/p>\r\n","protected":false},"excerpt":{"rendered":"<p>Data Security Europe\u200b Click on the links below to access each specific page of the Data Security Europe: Preh\u013ead o sprac\u00favan\u00ed osobn\u00fdch \u00fadajov obchodn\u00fdch partnerov Preh\u013ead o sprac\u00favan\u00ed osobn\u00fdch \u00fadajov klientov Inform\u00e1cia o sprac\u00favan\u00ed osobn\u00fdch \u00fadajov uch\u00e1dza\u010dov o zamestnanie Inform\u00e1cia o sprac\u00favan\u00ed osobn\u00fdch \u00fadajov obchodn\u00fdch partnerov Inform\u00e1cia o sprac\u00favan\u00ed osobn\u00fdch \u00fadajov klientov V\u0161eobecn\u00e1 inform\u00e1cia o [&hellip;]<\/p>\n","protected":false},"author":9,"featured_media":993,"parent":0,"menu_order":25,"comment_status":"closed","ping_status":"open","template":"","meta":{"_acf_changed":false,"footnotes":""},"class_list":["post-1549","page","type-page","status-publish","has-post-thumbnail","hentry"],"acf":[],"yoast_head":"<!-- This site is optimized with the Yoast SEO plugin v27.1.1 - https:\/\/yoast.com\/product\/yoast-seo-wordpress\/ -->\n<title>Data Security Europe - Rudolph<\/title>\n<meta name=\"robots\" content=\"index, follow, max-snippet:-1, max-image-preview:large, max-video-preview:-1\" \/>\n<link rel=\"canonical\" href=\"https:\/\/rudolph.com.br\/en\/data-security-europe\/\" \/>\n<meta property=\"og:locale\" content=\"en_US\" \/>\n<meta property=\"og:type\" content=\"article\" \/>\n<meta property=\"og:title\" content=\"Data Security Europe - Rudolph\" \/>\n<meta property=\"og:description\" content=\"Data Security Europe\u200b Click on the links below to access each specific page of the Data Security Europe: Preh\u013ead o sprac\u00favan\u00ed osobn\u00fdch \u00fadajov obchodn\u00fdch partnerov Preh\u013ead o sprac\u00favan\u00ed osobn\u00fdch \u00fadajov klientov Inform\u00e1cia o sprac\u00favan\u00ed osobn\u00fdch \u00fadajov uch\u00e1dza\u010dov o zamestnanie Inform\u00e1cia o sprac\u00favan\u00ed osobn\u00fdch \u00fadajov obchodn\u00fdch partnerov Inform\u00e1cia o sprac\u00favan\u00ed osobn\u00fdch \u00fadajov klientov V\u0161eobecn\u00e1 inform\u00e1cia o [&hellip;]\" \/>\n<meta property=\"og:url\" content=\"https:\/\/rudolph.com.br\/en\/data-security-europe\/\" \/>\n<meta property=\"og:site_name\" content=\"Rudolph\" \/>\n<meta property=\"article:modified_time\" content=\"2023-11-08T13:25:07+00:00\" \/>\n<meta property=\"og:image\" content=\"https:\/\/rudolph.com.br\/wp-content\/uploads\/2022\/03\/img-atalho-2.jpg\" \/>\n\t<meta property=\"og:image:width\" content=\"506\" \/>\n\t<meta property=\"og:image:height\" content=\"375\" \/>\n\t<meta property=\"og:image:type\" content=\"image\/jpeg\" \/>\n<meta name=\"twitter:card\" content=\"summary_large_image\" \/>\n<meta name=\"twitter:label1\" content=\"Est. reading time\" \/>\n\t<meta name=\"twitter:data1\" content=\"1 minute\" \/>\n<script type=\"application\/ld+json\" class=\"yoast-schema-graph\">{\"@context\":\"https:\/\/schema.org\",\"@graph\":[{\"@type\":\"WebPage\",\"@id\":\"https:\/\/rudolph.com.br\/en\/data-security-europe\/\",\"url\":\"https:\/\/rudolph.com.br\/en\/data-security-europe\/\",\"name\":\"Data Security Europe - Rudolph\",\"isPartOf\":{\"@id\":\"https:\/\/rudolph.com.br\/en\/#website\"},\"primaryImageOfPage\":{\"@id\":\"https:\/\/rudolph.com.br\/en\/data-security-europe\/#primaryimage\"},\"image\":{\"@id\":\"https:\/\/rudolph.com.br\/en\/data-security-europe\/#primaryimage\"},\"thumbnailUrl\":\"https:\/\/rudolph.com.br\/wp-content\/uploads\/2022\/03\/img-atalho-2.jpg\",\"datePublished\":\"2022-11-03T13:48:57+00:00\",\"dateModified\":\"2023-11-08T13:25:07+00:00\",\"breadcrumb\":{\"@id\":\"https:\/\/rudolph.com.br\/en\/data-security-europe\/#breadcrumb\"},\"inLanguage\":\"en-US\",\"potentialAction\":[{\"@type\":\"ReadAction\",\"target\":[\"https:\/\/rudolph.com.br\/en\/data-security-europe\/\"]}]},{\"@type\":\"ImageObject\",\"inLanguage\":\"en-US\",\"@id\":\"https:\/\/rudolph.com.br\/en\/data-security-europe\/#primaryimage\",\"url\":\"https:\/\/rudolph.com.br\/wp-content\/uploads\/2022\/03\/img-atalho-2.jpg\",\"contentUrl\":\"https:\/\/rudolph.com.br\/wp-content\/uploads\/2022\/03\/img-atalho-2.jpg\",\"width\":506,\"height\":375},{\"@type\":\"BreadcrumbList\",\"@id\":\"https:\/\/rudolph.com.br\/en\/data-security-europe\/#breadcrumb\",\"itemListElement\":[{\"@type\":\"ListItem\",\"position\":1,\"name\":\"Home\",\"item\":\"https:\/\/rudolph.com.br\/en\/\"},{\"@type\":\"ListItem\",\"position\":2,\"name\":\"Data Security Europe\"}]},{\"@type\":\"WebSite\",\"@id\":\"https:\/\/rudolph.com.br\/en\/#website\",\"url\":\"https:\/\/rudolph.com.br\/en\/\",\"name\":\"Rudolph\",\"description\":\"Excel\u00eancia no fornecimento de sistemas mec\u00e2nicos.\",\"potentialAction\":[{\"@type\":\"SearchAction\",\"target\":{\"@type\":\"EntryPoint\",\"urlTemplate\":\"https:\/\/rudolph.com.br\/en\/?s={search_term_string}\"},\"query-input\":{\"@type\":\"PropertyValueSpecification\",\"valueRequired\":true,\"valueName\":\"search_term_string\"}}],\"inLanguage\":\"en-US\"}]}<\/script>\n<!-- \/ Yoast SEO plugin. -->","yoast_head_json":{"title":"Data Security Europe - Rudolph","robots":{"index":"index","follow":"follow","max-snippet":"max-snippet:-1","max-image-preview":"max-image-preview:large","max-video-preview":"max-video-preview:-1"},"canonical":"https:\/\/rudolph.com.br\/en\/data-security-europe\/","og_locale":"en_US","og_type":"article","og_title":"Data Security Europe - Rudolph","og_description":"Data Security Europe\u200b Click on the links below to access each specific page of the Data Security Europe: Preh\u013ead o sprac\u00favan\u00ed osobn\u00fdch \u00fadajov obchodn\u00fdch partnerov Preh\u013ead o sprac\u00favan\u00ed osobn\u00fdch \u00fadajov klientov Inform\u00e1cia o sprac\u00favan\u00ed osobn\u00fdch \u00fadajov uch\u00e1dza\u010dov o zamestnanie Inform\u00e1cia o sprac\u00favan\u00ed osobn\u00fdch \u00fadajov obchodn\u00fdch partnerov Inform\u00e1cia o sprac\u00favan\u00ed osobn\u00fdch \u00fadajov klientov V\u0161eobecn\u00e1 inform\u00e1cia o [&hellip;]","og_url":"https:\/\/rudolph.com.br\/en\/data-security-europe\/","og_site_name":"Rudolph","article_modified_time":"2023-11-08T13:25:07+00:00","og_image":[{"width":506,"height":375,"url":"https:\/\/rudolph.com.br\/wp-content\/uploads\/2022\/03\/img-atalho-2.jpg","type":"image\/jpeg"}],"twitter_card":"summary_large_image","twitter_misc":{"Est. reading time":"1 minute"},"schema":{"@context":"https:\/\/schema.org","@graph":[{"@type":"WebPage","@id":"https:\/\/rudolph.com.br\/en\/data-security-europe\/","url":"https:\/\/rudolph.com.br\/en\/data-security-europe\/","name":"Data Security Europe - Rudolph","isPartOf":{"@id":"https:\/\/rudolph.com.br\/en\/#website"},"primaryImageOfPage":{"@id":"https:\/\/rudolph.com.br\/en\/data-security-europe\/#primaryimage"},"image":{"@id":"https:\/\/rudolph.com.br\/en\/data-security-europe\/#primaryimage"},"thumbnailUrl":"https:\/\/rudolph.com.br\/wp-content\/uploads\/2022\/03\/img-atalho-2.jpg","datePublished":"2022-11-03T13:48:57+00:00","dateModified":"2023-11-08T13:25:07+00:00","breadcrumb":{"@id":"https:\/\/rudolph.com.br\/en\/data-security-europe\/#breadcrumb"},"inLanguage":"en-US","potentialAction":[{"@type":"ReadAction","target":["https:\/\/rudolph.com.br\/en\/data-security-europe\/"]}]},{"@type":"ImageObject","inLanguage":"en-US","@id":"https:\/\/rudolph.com.br\/en\/data-security-europe\/#primaryimage","url":"https:\/\/rudolph.com.br\/wp-content\/uploads\/2022\/03\/img-atalho-2.jpg","contentUrl":"https:\/\/rudolph.com.br\/wp-content\/uploads\/2022\/03\/img-atalho-2.jpg","width":506,"height":375},{"@type":"BreadcrumbList","@id":"https:\/\/rudolph.com.br\/en\/data-security-europe\/#breadcrumb","itemListElement":[{"@type":"ListItem","position":1,"name":"Home","item":"https:\/\/rudolph.com.br\/en\/"},{"@type":"ListItem","position":2,"name":"Data Security Europe"}]},{"@type":"WebSite","@id":"https:\/\/rudolph.com.br\/en\/#website","url":"https:\/\/rudolph.com.br\/en\/","name":"Rudolph","description":"Excel\u00eancia no fornecimento de sistemas mec\u00e2nicos.","potentialAction":[{"@type":"SearchAction","target":{"@type":"EntryPoint","urlTemplate":"https:\/\/rudolph.com.br\/en\/?s={search_term_string}"},"query-input":{"@type":"PropertyValueSpecification","valueRequired":true,"valueName":"search_term_string"}}],"inLanguage":"en-US"}]}},"_links":{"self":[{"href":"https:\/\/rudolph.com.br\/en\/wp-json\/wp\/v2\/pages\/1549","targetHints":{"allow":["GET"]}}],"collection":[{"href":"https:\/\/rudolph.com.br\/en\/wp-json\/wp\/v2\/pages"}],"about":[{"href":"https:\/\/rudolph.com.br\/en\/wp-json\/wp\/v2\/types\/page"}],"author":[{"embeddable":true,"href":"https:\/\/rudolph.com.br\/en\/wp-json\/wp\/v2\/users\/9"}],"replies":[{"embeddable":true,"href":"https:\/\/rudolph.com.br\/en\/wp-json\/wp\/v2\/comments?post=1549"}],"version-history":[{"count":3,"href":"https:\/\/rudolph.com.br\/en\/wp-json\/wp\/v2\/pages\/1549\/revisions"}],"predecessor-version":[{"id":1573,"href":"https:\/\/rudolph.com.br\/en\/wp-json\/wp\/v2\/pages\/1549\/revisions\/1573"}],"wp:featuredmedia":[{"embeddable":true,"href":"https:\/\/rudolph.com.br\/en\/wp-json\/wp\/v2\/media\/993"}],"wp:attachment":[{"href":"https:\/\/rudolph.com.br\/en\/wp-json\/wp\/v2\/media?parent=1549"}],"curies":[{"name":"wp","href":"https:\/\/api.w.org\/{rel}","templated":true}]}}